{"id":458,"date":"2025-11-27T10:50:17","date_gmt":"2025-11-27T09:50:17","guid":{"rendered":"https:\/\/cinemamauclerc.fr\/?page_id=458"},"modified":"2025-11-27T11:23:04","modified_gmt":"2025-11-27T10:23:04","slug":"services-pros","status":"publish","type":"page","link":"https:\/\/cinemamauclerc.fr\/index.php\/services-pros\/","title":{"rendered":"Services Pros"},"content":{"rendered":"\n<h2 class=\"wp-block-heading\">Communication sur nos \u00e9crans<\/h2>\n\n\n\n<div class=\"wp-block-columns is-layout-flex wp-container-core-columns-is-layout-9d6595d7 wp-block-columns-is-layout-flex\">\n<div class=\"wp-block-column is-layout-flow wp-block-column-is-layout-flow\" style=\"flex-basis:33.33%\">\n<figure class=\"wp-block-image size-full\"><img loading=\"lazy\" decoding=\"async\" width=\"1024\" height=\"576\" src=\"https:\/\/cinemamauclerc.fr\/wp-content\/uploads\/2025\/11\/pub_ecran.png\" alt=\"\" class=\"wp-image-466\" srcset=\"https:\/\/cinemamauclerc.fr\/wp-content\/uploads\/2025\/11\/pub_ecran.png 1024w, https:\/\/cinemamauclerc.fr\/wp-content\/uploads\/2025\/11\/pub_ecran-300x169.png 300w, https:\/\/cinemamauclerc.fr\/wp-content\/uploads\/2025\/11\/pub_ecran-768x432.png 768w\" sizes=\"auto, (max-width: 1024px) 100vw, 1024px\" \/><\/figure>\n<\/div>\n\n\n\n<div class=\"wp-block-column is-layout-flow wp-block-column-is-layout-flow\" style=\"flex-basis:66.66%\">\n<p><\/p>\n\n\n\n<p>Pour mettre en lumi\u00e8re votre activit\u00e9 ou vos \u00e9v\u00e9nements, Le Mauclerc vous accompagne de la cr\u00e9ation \u00e0 la diffusion de votre annonce personnalis\u00e9e sur nos \u00e9crans. <\/p>\n\n\n\n<p>Pour cela <a href=\"https:\/\/cinemamauclerc.fr\/index.php\/nous-contacter\/\" data-type=\"page\" data-id=\"47\">merci de nous contacter<\/a> et nous reviendrons vers vous au plus vite.<\/p>\n<\/div>\n<\/div>\n\n\n\n<hr class=\"wp-block-separator has-alpha-channel-opacity\"\/>\n\n\n\n<h2 class=\"wp-block-heading\">Vos \u00e9v\u00e8nnements dans nos salles<\/h2>\n\n\n\n<div class=\"wp-block-columns is-layout-flex wp-container-core-columns-is-layout-9d6595d7 wp-block-columns-is-layout-flex\">\n<div class=\"wp-block-column is-layout-flow wp-block-column-is-layout-flow\" style=\"flex-basis:66.66%\">\n<p><\/p>\n\n\n\n<p>Pour vos r\u00e9unions, conf\u00e9rences, arbres de No\u00ebl ou autres, il est possible de louer l&rsquo;une de nos salles :<\/p>\n\n\n\n<p class=\"has-text-align-center\">Grande salle : capacit\u00e9 194 + 5 PMR | Petite salle : capacit\u00e9 91 + 3 PMR<\/p>\n\n\n\n<p>Dans un cadre de l&rsquo;Espace Bel Air pr\u00e8s de l&rsquo;\u00e9tang, avec un grand parking \u00e0 disposition, nos salles climatis\u00e9es vous offriront calme et confort.<br>Possibilit\u00e9 d&rsquo;acc\u00e9der \u00e0 la sonorisation (2 micros HF) et la projection sur nos \u00e9crans.<\/p>\n\n\n\n<p>Pour les disponibilit\u00e9s et les tarifs <a href=\"https:\/\/cinemamauclerc.fr\/index.php\/nous-contacter\/\" data-type=\"page\" data-id=\"47\">merci de nous contacter<\/a> et nous reviendrons vers vous au plus vite.<\/p>\n<\/div>\n\n\n\n<div class=\"wp-block-column is-layout-flow wp-block-column-is-layout-flow\" style=\"flex-basis:33.33%\">\n<figure class=\"wp-block-image size-large\"><img loading=\"lazy\" decoding=\"async\" width=\"1024\" height=\"576\" src=\"https:\/\/cinemamauclerc.fr\/wp-content\/uploads\/2025\/11\/location_salles-1024x576.png\" alt=\"\" class=\"wp-image-472\" srcset=\"https:\/\/cinemamauclerc.fr\/wp-content\/uploads\/2025\/11\/location_salles-1024x576.png 1024w, https:\/\/cinemamauclerc.fr\/wp-content\/uploads\/2025\/11\/location_salles-300x169.png 300w, https:\/\/cinemamauclerc.fr\/wp-content\/uploads\/2025\/11\/location_salles-768x432.png 768w, https:\/\/cinemamauclerc.fr\/wp-content\/uploads\/2025\/11\/location_salles.png 1184w\" sizes=\"auto, (max-width: 1024px) 100vw, 1024px\" \/><\/figure>\n<\/div>\n<\/div>\n\n\n\n<p><\/p>\n","protected":false},"excerpt":{"rendered":"<p>Communication sur nos \u00e9crans Pour mettre en lumi\u00e8re votre activit\u00e9 ou vos \u00e9v\u00e9nements, Le Mauclerc vous accompagne de la cr\u00e9ation \u00e0 la diffusion de votre annonce personnalis\u00e9e sur nos \u00e9crans. Pour cela merci de nous contacter et nous reviendrons vers vous au plus vite. Vos \u00e9v\u00e8nnements dans nos salles Pour vos r\u00e9unions, conf\u00e9rences, arbres de&hellip;&nbsp;<a href=\"https:\/\/cinemamauclerc.fr\/index.php\/services-pros\/\" rel=\"bookmark\">Lire la suite &raquo;<span class=\"screen-reader-text\">Services Pros<\/span><\/a><\/p>\n","protected":false},"author":2,"featured_media":0,"parent":0,"menu_order":0,"comment_status":"closed","ping_status":"closed","template":"","meta":{"neve_meta_sidebar":"","neve_meta_container":"","neve_meta_enable_content_width":"","neve_meta_content_width":0,"neve_meta_title_alignment":"","neve_meta_author_avatar":"","neve_post_elements_order":"","neve_meta_disable_header":"","neve_meta_disable_footer":"","neve_meta_disable_title":"","_themeisle_gutenberg_block_has_review":false,"footnotes":""},"class_list":["post-458","page","type-page","status-publish","hentry"],"_links":{"self":[{"href":"https:\/\/cinemamauclerc.fr\/index.php\/wp-json\/wp\/v2\/pages\/458","targetHints":{"allow":["GET"]}}],"collection":[{"href":"https:\/\/cinemamauclerc.fr\/index.php\/wp-json\/wp\/v2\/pages"}],"about":[{"href":"https:\/\/cinemamauclerc.fr\/index.php\/wp-json\/wp\/v2\/types\/page"}],"author":[{"embeddable":true,"href":"https:\/\/cinemamauclerc.fr\/index.php\/wp-json\/wp\/v2\/users\/2"}],"replies":[{"embeddable":true,"href":"https:\/\/cinemamauclerc.fr\/index.php\/wp-json\/wp\/v2\/comments?post=458"}],"version-history":[{"count":9,"href":"https:\/\/cinemamauclerc.fr\/index.php\/wp-json\/wp\/v2\/pages\/458\/revisions"}],"predecessor-version":[{"id":477,"href":"https:\/\/cinemamauclerc.fr\/index.php\/wp-json\/wp\/v2\/pages\/458\/revisions\/477"}],"wp:attachment":[{"href":"https:\/\/cinemamauclerc.fr\/index.php\/wp-json\/wp\/v2\/media?parent=458"}],"curies":[{"name":"wp","href":"https:\/\/api.w.org\/{rel}","templated":true}]}}